{"id":182,"date":"2022-05-12T11:53:23","date_gmt":"2022-05-12T10:53:23","guid":{"rendered":"https:\/\/gaveia.com\/?page_id=182"},"modified":"2023-03-16T15:27:12","modified_gmt":"2023-03-16T14:27:12","slug":"otvorena-radna-mjesta","status":"publish","type":"page","link":"https:\/\/gaveia.com\/hr\/otvorena-radna-mjesta\/","title":{"rendered":"Otvorena radna mjesta"},"content":{"rendered":"<p>Osim znanja u turizmu, na\u0161 tim raspola\u017ee visokim stupnjem stru\u010dnosti u prodaji, digitalnom marketingu i IT-u. U potrazi smo za motiviranim specijalistima koji \u0107e unaprijediti na\u0161 tim. Pogledajte otvorena radna mjesta i prijavite se jo\u0161 danas!<\/p>\n","protected":false},"excerpt":{"rendered":"<p>Osim znanja u turizmu, na\u0161 tim raspola\u017ee visokim stupnjem stru\u010dnosti u prodaji, digitalnom marketingu i IT-u. U potrazi smo za motiviranim specijalistima koji \u0107e unaprijediti na\u0161 tim. Pogledajte otvorena radna mjesta i prijavite se jo\u0161 danas!<\/p>\n","protected":false},"author":1,"featured_media":0,"parent":0,"menu_order":0,"comment_status":"closed","ping_status":"closed","template":"page-jobs-listing.php","meta":{"_acf_changed":false,"footnotes":""},"class_list":["post-182","page","type-page","status-publish","hentry"],"acf":[],"yoast_head":"<!-- This site is optimized with the Yoast SEO plugin v27.4 - https:\/\/yoast.com\/product\/yoast-seo-wordpress\/ -->\n<title>Otvorena radna mjesta - Gaveia - Bolji na\u010din pretrage, rezervacije i u\u017eivanja u odmoru.<\/title>\n<meta name=\"robots\" content=\"index, follow, max-snippet:-1, max-image-preview:large, max-video-preview:-1\" \/>\n<link rel=\"canonical\" href=\"https:\/\/gaveia.com\/hr\/otvorena-radna-mjesta\/\" \/>\n<meta property=\"og:locale\" content=\"hr_HR\" \/>\n<meta property=\"og:type\" content=\"article\" \/>\n<meta property=\"og:title\" content=\"Otvorena radna mjesta - Gaveia - Bolji na\u010din pretrage, rezervacije i u\u017eivanja u odmoru.\" \/>\n<meta property=\"og:description\" content=\"Osim znanja u turizmu, na\u0161 tim raspola\u017ee visokim stupnjem stru\u010dnosti u prodaji, digitalnom marketingu i IT-u. U potrazi smo za motiviranim specijalistima koji \u0107e unaprijediti na\u0161 tim. Pogledajte otvorena radna mjesta i prijavite se jo\u0161 danas!\" \/>\n<meta property=\"og:url\" content=\"https:\/\/gaveia.com\/hr\/otvorena-radna-mjesta\/\" \/>\n<meta property=\"og:site_name\" content=\"Gaveia - Bolji na\u010din pretrage, rezervacije i u\u017eivanja u odmoru.\" \/>\n<meta property=\"article:publisher\" content=\"https:\/\/www.facebook.com\/gaveia\" \/>\n<meta property=\"article:modified_time\" content=\"2023-03-16T14:27:12+00:00\" \/>\n<meta name=\"twitter:card\" content=\"summary_large_image\" \/>\n<meta name=\"twitter:label1\" content=\"Procijenjeno vrijeme \u010ditanja\" \/>\n\t<meta name=\"twitter:data1\" content=\"1 minuta\" \/>\n<script type=\"application\/ld+json\" class=\"yoast-schema-graph\">{\"@context\":\"https:\\\/\\\/schema.org\",\"@graph\":[{\"@type\":\"WebPage\",\"@id\":\"https:\\\/\\\/gaveia.com\\\/hr\\\/otvorena-radna-mjesta\\\/\",\"url\":\"https:\\\/\\\/gaveia.com\\\/hr\\\/otvorena-radna-mjesta\\\/\",\"name\":\"Otvorena radna mjesta - Gaveia - Bolji na\u010din pretrage, rezervacije i u\u017eivanja u odmoru.\",\"isPartOf\":{\"@id\":\"https:\\\/\\\/gaveia.com\\\/hr\\\/#website\"},\"datePublished\":\"2022-05-12T10:53:23+00:00\",\"dateModified\":\"2023-03-16T14:27:12+00:00\",\"breadcrumb\":{\"@id\":\"https:\\\/\\\/gaveia.com\\\/hr\\\/otvorena-radna-mjesta\\\/#breadcrumb\"},\"inLanguage\":\"hr\",\"potentialAction\":[{\"@type\":\"ReadAction\",\"target\":[\"https:\\\/\\\/gaveia.com\\\/hr\\\/otvorena-radna-mjesta\\\/\"]}]},{\"@type\":\"BreadcrumbList\",\"@id\":\"https:\\\/\\\/gaveia.com\\\/hr\\\/otvorena-radna-mjesta\\\/#breadcrumb\",\"itemListElement\":[{\"@type\":\"ListItem\",\"position\":1,\"name\":\"Home\",\"item\":\"https:\\\/\\\/gaveia.com\\\/hr\\\/\"},{\"@type\":\"ListItem\",\"position\":2,\"name\":\"Otvorena radna mjesta\"}]},{\"@type\":\"WebSite\",\"@id\":\"https:\\\/\\\/gaveia.com\\\/hr\\\/#website\",\"url\":\"https:\\\/\\\/gaveia.com\\\/hr\\\/\",\"name\":\"Gaveia - Bolji na\u010din pretrage, rezervacije i u\u017eivanja u odmoru.\",\"description\":\"\",\"publisher\":{\"@id\":\"https:\\\/\\\/gaveia.com\\\/hr\\\/#organization\"},\"potentialAction\":[{\"@type\":\"SearchAction\",\"target\":{\"@type\":\"EntryPoint\",\"urlTemplate\":\"https:\\\/\\\/gaveia.com\\\/hr\\\/?s={search_term_string}\"},\"query-input\":{\"@type\":\"PropertyValueSpecification\",\"valueRequired\":true,\"valueName\":\"search_term_string\"}}],\"inLanguage\":\"hr\"},{\"@type\":\"Organization\",\"@id\":\"https:\\\/\\\/gaveia.com\\\/hr\\\/#organization\",\"name\":\"Gaveia d.o.o.\",\"url\":\"https:\\\/\\\/gaveia.com\\\/hr\\\/\",\"logo\":{\"@type\":\"ImageObject\",\"inLanguage\":\"hr\",\"@id\":\"https:\\\/\\\/gaveia.com\\\/hr\\\/#\\\/schema\\\/logo\\\/image\\\/\",\"url\":\"https:\\\/\\\/gaveia.com\\\/wp-content\\\/uploads\\\/2022\\\/05\\\/logo.png\",\"contentUrl\":\"https:\\\/\\\/gaveia.com\\\/wp-content\\\/uploads\\\/2022\\\/05\\\/logo.png\",\"width\":182,\"height\":50,\"caption\":\"Gaveia d.o.o.\"},\"image\":{\"@id\":\"https:\\\/\\\/gaveia.com\\\/hr\\\/#\\\/schema\\\/logo\\\/image\\\/\"},\"sameAs\":[\"https:\\\/\\\/www.facebook.com\\\/gaveia\"]}]}<\/script>\n<!-- \/ Yoast SEO plugin. -->","yoast_head_json":{"title":"Otvorena radna mjesta - Gaveia - Bolji na\u010din pretrage, rezervacije i u\u017eivanja u odmoru.","robots":{"index":"index","follow":"follow","max-snippet":"max-snippet:-1","max-image-preview":"max-image-preview:large","max-video-preview":"max-video-preview:-1"},"canonical":"https:\/\/gaveia.com\/hr\/otvorena-radna-mjesta\/","og_locale":"hr_HR","og_type":"article","og_title":"Otvorena radna mjesta - Gaveia - Bolji na\u010din pretrage, rezervacije i u\u017eivanja u odmoru.","og_description":"Osim znanja u turizmu, na\u0161 tim raspola\u017ee visokim stupnjem stru\u010dnosti u prodaji, digitalnom marketingu i IT-u. U potrazi smo za motiviranim specijalistima koji \u0107e unaprijediti na\u0161 tim. Pogledajte otvorena radna mjesta i prijavite se jo\u0161 danas!","og_url":"https:\/\/gaveia.com\/hr\/otvorena-radna-mjesta\/","og_site_name":"Gaveia - Bolji na\u010din pretrage, rezervacije i u\u017eivanja u odmoru.","article_publisher":"https:\/\/www.facebook.com\/gaveia","article_modified_time":"2023-03-16T14:27:12+00:00","twitter_card":"summary_large_image","twitter_misc":{"Procijenjeno vrijeme \u010ditanja":"1 minuta"},"schema":{"@context":"https:\/\/schema.org","@graph":[{"@type":"WebPage","@id":"https:\/\/gaveia.com\/hr\/otvorena-radna-mjesta\/","url":"https:\/\/gaveia.com\/hr\/otvorena-radna-mjesta\/","name":"Otvorena radna mjesta - Gaveia - Bolji na\u010din pretrage, rezervacije i u\u017eivanja u odmoru.","isPartOf":{"@id":"https:\/\/gaveia.com\/hr\/#website"},"datePublished":"2022-05-12T10:53:23+00:00","dateModified":"2023-03-16T14:27:12+00:00","breadcrumb":{"@id":"https:\/\/gaveia.com\/hr\/otvorena-radna-mjesta\/#breadcrumb"},"inLanguage":"hr","potentialAction":[{"@type":"ReadAction","target":["https:\/\/gaveia.com\/hr\/otvorena-radna-mjesta\/"]}]},{"@type":"BreadcrumbList","@id":"https:\/\/gaveia.com\/hr\/otvorena-radna-mjesta\/#breadcrumb","itemListElement":[{"@type":"ListItem","position":1,"name":"Home","item":"https:\/\/gaveia.com\/hr\/"},{"@type":"ListItem","position":2,"name":"Otvorena radna mjesta"}]},{"@type":"WebSite","@id":"https:\/\/gaveia.com\/hr\/#website","url":"https:\/\/gaveia.com\/hr\/","name":"Gaveia - Bolji na\u010din pretrage, rezervacije i u\u017eivanja u odmoru.","description":"","publisher":{"@id":"https:\/\/gaveia.com\/hr\/#organization"},"potentialAction":[{"@type":"SearchAction","target":{"@type":"EntryPoint","urlTemplate":"https:\/\/gaveia.com\/hr\/?s={search_term_string}"},"query-input":{"@type":"PropertyValueSpecification","valueRequired":true,"valueName":"search_term_string"}}],"inLanguage":"hr"},{"@type":"Organization","@id":"https:\/\/gaveia.com\/hr\/#organization","name":"Gaveia d.o.o.","url":"https:\/\/gaveia.com\/hr\/","logo":{"@type":"ImageObject","inLanguage":"hr","@id":"https:\/\/gaveia.com\/hr\/#\/schema\/logo\/image\/","url":"https:\/\/gaveia.com\/wp-content\/uploads\/2022\/05\/logo.png","contentUrl":"https:\/\/gaveia.com\/wp-content\/uploads\/2022\/05\/logo.png","width":182,"height":50,"caption":"Gaveia d.o.o."},"image":{"@id":"https:\/\/gaveia.com\/hr\/#\/schema\/logo\/image\/"},"sameAs":["https:\/\/www.facebook.com\/gaveia"]}]}},"_links":{"self":[{"href":"https:\/\/gaveia.com\/hr\/wp-json\/wp\/v2\/pages\/182","targetHints":{"allow":["GET"]}}],"collection":[{"href":"https:\/\/gaveia.com\/hr\/wp-json\/wp\/v2\/pages"}],"about":[{"href":"https:\/\/gaveia.com\/hr\/wp-json\/wp\/v2\/types\/page"}],"author":[{"embeddable":true,"href":"https:\/\/gaveia.com\/hr\/wp-json\/wp\/v2\/users\/1"}],"replies":[{"embeddable":true,"href":"https:\/\/gaveia.com\/hr\/wp-json\/wp\/v2\/comments?post=182"}],"version-history":[{"count":6,"href":"https:\/\/gaveia.com\/hr\/wp-json\/wp\/v2\/pages\/182\/revisions"}],"predecessor-version":[{"id":301,"href":"https:\/\/gaveia.com\/hr\/wp-json\/wp\/v2\/pages\/182\/revisions\/301"}],"wp:attachment":[{"href":"https:\/\/gaveia.com\/hr\/wp-json\/wp\/v2\/media?parent=182"}],"curies":[{"name":"wp","href":"https:\/\/api.w.org\/{rel}","templated":true}]}}